{"id":28,"date":"2016-04-11T19:33:02","date_gmt":"2016-04-11T19:33:02","guid":{"rendered":"http:\/\/fama-tour.pl\/?page_id=28"},"modified":"2017-11-02T11:34:54","modified_gmt":"2017-11-02T11:34:54","slug":"o-firmie","status":"publish","type":"page","link":"http:\/\/fama-tour.pl\/?page_id=28","title":{"rendered":"O firmie"},"content":{"rendered":"<p><strong>Zapraszamy\u00a0 Pa\u0144stwa\u00a0 do podr\u00f3\u017cy z\u00a0 Biura\u00a0 Podr\u00f3\u017cy Fama \u2013 Tour\u00a0 w\u00a0 Zelowie .<\/strong><\/p>\n<p>Specjalizujemy\u00a0 si\u0119\u00a0 w organizacji wycieczek\u00a0 po Polsce. Chcemy\u00a0 Pa\u0144stwu\u00a0 pokaza\u0107 &#8222;Pi\u0119kn\u0105 Nasz\u0105 Polsk\u0119 Ca\u0142\u0105&#8221;. W\u00a0 naszej\u00a0 ofercie\u00a0 co\u00a0 roku\u00a0 mo\u017cna\u00a0 b\u0119dzie zwiedzi\u0107 wybrany\u00a0 region Polski, oraz\u00a0 &#8222;wpa\u015b\u0107&#8221; do\u00a0 s\u0105siad\u00f3w. Wa\u017cny jest\u00a0 dla nas ka\u017cdy klient, a jego wspomnienia z\u00a0 naszych\u00a0 wyjazd\u00f3w\u00a0 maj\u0105 by\u0107\u00a0 jak\u00a0 kartki nades\u0142ane z wymarzonych wakacji. Nasze do\u015bwiadczenie w turystyce daje gwarancj\u0119 profesjonalnego\u00a0 przygotowania program\u00f3w\u00a0 turystycznych. Wyjazdy obs\u0142ugujemy w\u0142asnymi autokarami marki Mercedes. Organizujemy r\u00f3wnie\u017c w\u0142asne wyjazdy\u00a0 do W\u0142och, Chorwacji, Francji, Litwy, Niemiec, Austrii, Hiszpanii, Republiki Czeskiej oraz Izraela. Po\u015bredniczymy w sprzeda\u017cy ofert innych sprawdzonych touroperator\u00f3w.<\/p>\n<p>U nas\u00a0 mo\u017cna wykupi\u0107 kupi\u0107 bilety\u00a0 autokarowe\u00a0 do\u00a0 wi\u0119kszych miast\u00a0 Europy, bilety na tanie\u00a0 linie lotnicze, oraz ubezpieczenia turystyczne.<\/p>\n<p>Serdecznie zapraszamy&#8230;<\/p>\n","protected":false},"excerpt":{"rendered":"<p>Zapraszamy\u00a0 Pa\u0144stwa\u00a0 do podr\u00f3\u017cy z\u00a0 Biura\u00a0 Podr\u00f3\u017cy Fama \u2013 Tour\u00a0 w\u00a0 Zelowie . Specjalizujemy\u00a0 si\u0119\u00a0 w organizacji wycieczek\u00a0 po Polsce. Chcemy\u00a0 Pa\u0144stwu\u00a0 pokaza\u0107 &#8222;Pi\u0119kn\u0105 Nasz\u0105 Polsk\u0119 Ca\u0142\u0105&#8221;. W\u00a0 naszej\u00a0 ofercie\u00a0 co\u00a0 roku\u00a0 mo\u017cna\u00a0 b\u0119dzie zwiedzi\u0107 wybrany\u00a0 region Polski, oraz\u00a0 &#8222;wpa\u015b\u0107&#8221; do\u00a0 s\u0105siad\u00f3w. Wa\u017cny jest\u00a0 dla nas ka\u017cdy klient, a jego wspomnienia z\u00a0 naszych\u00a0 wyjazd\u00f3w\u00a0 maj\u0105&#8230;<\/p>\n","protected":false},"author":1,"featured_media":0,"parent":0,"menu_order":0,"comment_status":"closed","ping_status":"closed","template":"","meta":[],"_links":{"self":[{"href":"http:\/\/fama-tour.pl\/index.php?rest_route=\/wp\/v2\/pages\/28"}],"collection":[{"href":"http:\/\/fama-tour.pl\/index.php?rest_route=\/wp\/v2\/pages"}],"about":[{"href":"http:\/\/fama-tour.pl\/index.php?rest_route=\/wp\/v2\/types\/page"}],"author":[{"embeddable":true,"href":"http:\/\/fama-tour.pl\/index.php?rest_route=\/wp\/v2\/users\/1"}],"replies":[{"embeddable":true,"href":"http:\/\/fama-tour.pl\/index.php?rest_route=%2Fwp%2Fv2%2Fcomments&post=28"}],"version-history":[{"count":6,"href":"http:\/\/fama-tour.pl\/index.php?rest_route=\/wp\/v2\/pages\/28\/revisions"}],"predecessor-version":[{"id":1577,"href":"http:\/\/fama-tour.pl\/index.php?rest_route=\/wp\/v2\/pages\/28\/revisions\/1577"}],"wp:attachment":[{"href":"http:\/\/fama-tour.pl\/index.php?rest_route=%2Fwp%2Fv2%2Fmedia&parent=28"}],"curies":[{"name":"wp","href":"https:\/\/api.w.org\/{rel}","templated":true}]}}