{"id":36,"date":"2016-04-11T19:33:41","date_gmt":"2016-04-11T19:33:41","guid":{"rendered":"http:\/\/fama-tour.pl\/?page_id=36"},"modified":"2026-02-14T10:48:50","modified_gmt":"2026-02-14T10:48:50","slug":"kontakt","status":"publish","type":"page","link":"http:\/\/fama-tour.pl\/?page_id=36","title":{"rendered":"Kontakt"},"content":{"rendered":"<h3 style=\"text-align: center;\"><iframe loading=\"lazy\" style=\"border: 0;\" src=\"https:\/\/www.google.com\/maps\/embed?pb=!1m18!1m12!1m3!1d2633.514158804263!2d19.2175674950313!3d51.46354677602993!2m3!1f0!2f0!3f0!3m2!1i1024!2i768!4f13.1!3m3!1m2!1s0x471a3f19acaa0c37%3A0xfc0187623f12ee9f!2sFama%20Tour!5e0!3m2!1spl!2spl!4v1638963639869!5m2!1spl!2spl\" width=\"800\" height=\"600\" allowfullscreen=\"allowfullscreen\"><\/iframe><\/h3>\n<h3 style=\"text-align: center;\"><strong>ADRES SIEDZIBY BIURA:<br \/>\nBIURO PODR\u00d3\u017bY FAMA &#8211; TOUR<\/strong><br \/>\n<strong>ul. Sienkiewicza 4<\/strong><br \/>\n<strong>Zel\u00f3w\u00a0\u00a0\u00a0 97-425<\/strong><br \/>\nbiuro@fama-tour.pl<br \/>\ntel:<strong> 668-009-931\u00a0\u00a0\u00a0\u00a0\u00a0\u00a0\u00a0\u00a0\u00a0\u00a0\u00a0\u00a0\u00a0 883-341-375<br \/>\n<\/strong>Nr.konta:\u00a0 PKO BP 85 1020 3958 0000 9202 0297 7254<\/h3>\n<p><strong>\u00a0 \u00a0 \u00a0 \u00a0BIURO CZYNNE:<\/strong><br \/>\n<strong>pon.<\/strong> godz. 10.00- 16.00<br \/>\n<strong>wt<\/strong>.\u00a0 \u00a0 \u00a0godz. 10.00-16.00<br \/>\n<strong>\u015br.<\/strong>\u00a0 \u00a0 \u00a0 godz. 10.00-17.00<br \/>\n<strong>czw.\u00a0 \u00a0<\/strong>godz. 10.00-16.00<br \/>\n<strong>pt.<\/strong> PRACA ZDALNA<\/p>\n<style>\/*! elementor - v3.5.0 - 12-12-2021 *\/<br \/>\n.elementor-heading-title{padding:0;margin:0;line-height:1}.elementor-widget-heading .elementor-heading-title[class*=elementor-size-]>a{color:inherit;font-size:inherit;line-height:inherit}.elementor-widget-heading .elementor-heading-title.elementor-size-small{font-size:15px}.elementor-widget-heading .elementor-heading-title.elementor-size-medium{font-size:19px}.elementor-widget-heading .elementor-heading-title.elementor-size-large{font-size:29px}.elementor-widget-heading .elementor-heading-title.elementor-size-xl{font-size:39px}.elementor-widget-heading .elementor-heading-title.elementor-size-xxl{font-size:59px}<\/style>\n<h4>FORMULARZ KONTAKTOWY<\/h4>\n<div class=\"wpforms-container wpforms-container-full\" id=\"wpforms-1535\"><form id=\"wpforms-form-1535\" class=\"wpforms-validate wpforms-form wpforms-ajax-form\" data-formid=\"1535\" method=\"post\" enctype=\"multipart\/form-data\" action=\"\/index.php?rest_route=%2Fwp%2Fv2%2Fpages%2F36\" data-token=\"3bea0670c30efb8acfd5c5c3bff76f7d\"><noscript class=\"wpforms-error-noscript\">Please enable JavaScript in your browser to complete this form.<\/noscript><div class=\"wpforms-field-container\"><div id=\"wpforms-1535-field_0-container\" class=\"wpforms-field wpforms-field-name\" data-field-id=\"0\"><label class=\"wpforms-field-label\" for=\"wpforms-1535-field_0\">Imi\u0119 i nazwisko <span class=\"wpforms-required-label\">*<\/span><\/label><input type=\"text\" id=\"wpforms-1535-field_0\" class=\"wpforms-field-medium wpforms-field-required\" name=\"wpforms[fields][0]\" required><\/div><div id=\"wpforms-1535-field_1-container\" class=\"wpforms-field wpforms-field-email\" data-field-id=\"1\"><label class=\"wpforms-field-label\" for=\"wpforms-1535-field_1\">Email <span class=\"wpforms-required-label\">*<\/span><\/label><input type=\"email\" id=\"wpforms-1535-field_1\" class=\"wpforms-field-medium wpforms-field-required\" name=\"wpforms[fields][1]\" required><\/div><div id=\"wpforms-1535-field_5-container\" class=\"wpforms-field wpforms-field-number\" data-field-id=\"5\"><label class=\"wpforms-field-label\" for=\"wpforms-1535-field_5\">Telefon: <\/label><input type=\"number\" pattern=\"\\d*\" id=\"wpforms-1535-field_5\" class=\"wpforms-field-medium\" name=\"wpforms[fields][5]\" ><div class=\"wpforms-field-description\">Podaj nr. telefonu a odzwonimy do Ciebie.<\/div><\/div><div id=\"wpforms-1535-field_2-container\" class=\"wpforms-field wpforms-field-textarea\" data-field-id=\"2\"><label class=\"wpforms-field-label\" for=\"wpforms-1535-field_2\">Napisz wiadomos\u0107  <span class=\"wpforms-required-label\">*<\/span><\/label><textarea id=\"wpforms-1535-field_2\" class=\"wpforms-field-medium wpforms-field-required\" name=\"wpforms[fields][2]\" required><\/textarea><\/div><div id=\"wpforms-1535-field_4-container\" class=\"wpforms-field wpforms-field-checkbox\" data-field-id=\"4\"><label class=\"wpforms-field-label\" for=\"wpforms-1535-field_4\">Polityka prywatno\u015bci<\/label><ul id=\"wpforms-1535-field_4\"><li class=\"choice-1 depth-1\"><input type=\"checkbox\" id=\"wpforms-1535-field_4_1\" name=\"wpforms[fields][4][]\" value=\"Tak potwierdzam\"  ><label class=\"wpforms-field-label-inline\" for=\"wpforms-1535-field_4_1\">Tak potwierdzam<\/label><\/li><\/ul><div class=\"wpforms-field-description\">Informujemy, i\u017c Administratorem Pani\/Pana danych osobowych jest Biuro\r\nPodr\u00f3\u017cy FAMA-TOUR. W celu uzyskanie pe\u0142nych informacji o\r\nprzetwarzaniu przez nas danych osobowych, w tym uzyskaniu informacji na\r\ntemat przys\u0142uguj\u0105cych Pani\/Panu praw, prosimy o zapoznanie si\u0119 z\r\nPolityk\u0105 prywatno\u015bci znajduj\u0105c\u0105 si\u0119 na stronie http:\/\/www.fama-tour.pl<\/div><\/div><\/div><div class=\"wpforms-submit-container\"><input type=\"hidden\" name=\"wpforms[id]\" value=\"1535\"><input type=\"hidden\" name=\"wpforms[author]\" value=\"1\"><button type=\"submit\" name=\"wpforms[submit]\" id=\"wpforms-submit-1535\" class=\"wpforms-submit\" data-alt-text=\"Wysy\u0142anie wiadomo\u015bci...\" data-submit-text=\"Wy\u015blij\" aria-live=\"assertive\" value=\"wpforms-submit\">Wy\u015blij<\/button><img src=\"http:\/\/fama-tour.pl\/wp-content\/plugins\/wpforms-lite\/assets\/images\/submit-spin.svg\" class=\"wpforms-submit-spinner\" style=\"display: none;\" width=\"26\" height=\"26\" alt=\"\"><\/div><\/form><\/div>  <!-- .wpforms-container -->\n<style>\/*! elementor - v3.5.0 - 12-12-2021 *\/<br \/>\n.elementor-widget-image{text-align:center}.elementor-widget-image a{display:inline-block}.elementor-widget-image a img[src$=\".svg\"]{width:48px}.elementor-widget-image img{vertical-align:middle;display:inline-block}<\/style>\n<p><img loading=\"lazy\" src=\"http:\/\/fama-tour.pl\/wp-content\/uploads\/2021\/12\/FB_IMG_1624479868239.jpg\" sizes=\"(max-width: 654px) 100vw, 654px\" srcset=\"http:\/\/fama-tour.pl\/wp-content\/uploads\/2021\/12\/FB_IMG_1624479868239.jpg 1080w, http:\/\/fama-tour.pl\/wp-content\/uploads\/2021\/12\/FB_IMG_1624479868239-278x300.jpg 278w, http:\/\/fama-tour.pl\/wp-content\/uploads\/2021\/12\/FB_IMG_1624479868239-950x1024.jpg 950w, http:\/\/fama-tour.pl\/wp-content\/uploads\/2021\/12\/FB_IMG_1624479868239-768x828.jpg 768w, http:\/\/fama-tour.pl\/wp-content\/uploads\/2021\/12\/FB_IMG_1624479868239-557x600.jpg 557w, http:\/\/fama-tour.pl\/wp-content\/uploads\/2021\/12\/FB_IMG_1624479868239-148x160.jpg 148w, http:\/\/fama-tour.pl\/wp-content\/uploads\/2021\/12\/FB_IMG_1624479868239-1x1.jpg 1w\" alt=\"\" width=\"654\" height=\"705\" \/><\/p>\n","protected":false},"excerpt":{"rendered":"<p>ADRES SIEDZIBY BIURA: BIURO PODR\u00d3\u017bY FAMA &#8211; TOUR ul. Sienkiewicza 4 Zel\u00f3w\u00a0\u00a0\u00a0 97-425 biuro@fama-tour.pl tel: 668-009-931\u00a0\u00a0\u00a0\u00a0\u00a0\u00a0\u00a0\u00a0\u00a0\u00a0\u00a0\u00a0\u00a0 883-341-375 Nr.konta:\u00a0 PKO BP 85 1020 3958 0000 9202 0297 7254 \u00a0 \u00a0 \u00a0 \u00a0BIURO CZYNNE: pon. godz. 10.00- 16.00 wt.\u00a0 \u00a0 \u00a0godz. 10.00-16.00 \u015br.\u00a0 \u00a0 \u00a0 godz. 10.00-17.00 czw.\u00a0 \u00a0godz. 10.00-16.00 pt. PRACA ZDALNA FORMULARZ KONTAKTOWY<\/p>\n","protected":false},"author":1,"featured_media":0,"parent":0,"menu_order":0,"comment_status":"closed","ping_status":"closed","template":"","meta":[],"_links":{"self":[{"href":"http:\/\/fama-tour.pl\/index.php?rest_route=\/wp\/v2\/pages\/36"}],"collection":[{"href":"http:\/\/fama-tour.pl\/index.php?rest_route=\/wp\/v2\/pages"}],"about":[{"href":"http:\/\/fama-tour.pl\/index.php?rest_route=\/wp\/v2\/types\/page"}],"author":[{"embeddable":true,"href":"http:\/\/fama-tour.pl\/index.php?rest_route=\/wp\/v2\/users\/1"}],"replies":[{"embeddable":true,"href":"http:\/\/fama-tour.pl\/index.php?rest_route=%2Fwp%2Fv2%2Fcomments&post=36"}],"version-history":[{"count":33,"href":"http:\/\/fama-tour.pl\/index.php?rest_route=\/wp\/v2\/pages\/36\/revisions"}],"predecessor-version":[{"id":4477,"href":"http:\/\/fama-tour.pl\/index.php?rest_route=\/wp\/v2\/pages\/36\/revisions\/4477"}],"wp:attachment":[{"href":"http:\/\/fama-tour.pl\/index.php?rest_route=%2Fwp%2Fv2%2Fmedia&parent=36"}],"curies":[{"name":"wp","href":"https:\/\/api.w.org\/{rel}","templated":true}]}}