{"id":51,"date":"2016-06-01T12:02:52","date_gmt":"2016-06-01T12:02:52","guid":{"rendered":"http:\/\/fama-tour.pl\/?page_id=51"},"modified":"2023-12-13T13:30:51","modified_gmt":"2023-12-13T13:30:51","slug":"dokumenty","status":"publish","type":"page","link":"http:\/\/fama-tour.pl\/?page_id=51","title":{"rendered":"Dokumenty"},"content":{"rendered":"\n<p><\/p>\n\n\n\n<a href=\"http:\/\/fama-tour.pl\/wp-content\/uploads\/2021\/09\/OWU-NNW-Polska-1.pdf\">OWU-NNW-Polska (1)<\/a><a href=\"http:\/\/fama-tour.pl\/wp-content\/uploads\/2021\/09\/OWU-NNW-Polska-1.pdf\" download=\"\">Pobierz<\/a>\n\n\n\n<a href=\"http:\/\/fama-tour.pl\/wp-content\/uploads\/2021\/09\/OWU-Koszty-Rezygnacji-1.pdf\">OWU-Koszty-Rezygnacji (1)<\/a><a href=\"http:\/\/fama-tour.pl\/wp-content\/uploads\/2021\/09\/OWU-Koszty-Rezygnacji-1.pdf\" download=\"\">Pobierz<\/a>\n\n\n\n<a href=\"http:\/\/fama-tour.pl\/wp-content\/uploads\/2021\/09\/OWU-Travel-World-1.pdf\">OWU-Travel-World (1)<\/a><a href=\"http:\/\/fama-tour.pl\/wp-content\/uploads\/2021\/09\/OWU-Travel-World-1.pdf\" download=\"\">Pobierz<\/a>\n\n\n\n<figure><\/figure>\n\n\n\n<p><a href=\"http:\/\/fama-tour.pl\/wp-content\/uploads\/2019\/10\/WARUNKI-UCZESTNICTWA-Biuro-Podr\u00f3\u017cy-Fama-Tour.pdf\">WARUNKI UCZESTNICTWA Biuro Podr\u00f3\u017cy Fama-Tour<\/a><br><a href=\"http:\/\/fama-tour.pl\/wp-content\/uploads\/2016\/06\/Certyfikat-Towarzystko-Ubezpiecze\u0144-Europa-S.A..pdf\">Certyfikat Towarzystko Ubezpiecze\u0144 Europa S.A.<\/a><a href=\"http:\/\/fama-tour.pl\/wp-content\/uploads\/2018\/12\/RODO-Informacja-o-przetwarzaniu-danych-osobowych.pdf\">RODO- Informacja o przetwarzaniu danych osobowych<\/a><br><a href=\"http:\/\/fama-tour.pl\/wp-content\/uploads\/2018\/12\/RODO-Informacja-o-przetwarzaniu-danych-osobowych.pdf\">RODO- Informacja o przetwarzaniu danych osobowych<\/a><\/p>\n\n\n\n\n<p><br \/><img loading=\"lazy\" src=\"http:\/\/fama-tour.pl\/wp-content\/uploads\/2016\/06\/Zaswiaczenie-Marsza\u0142ek-745x1024.jpg\" sizes=\"(max-width: 654px) 100vw, 654px\" srcset=\"http:\/\/fama-tour.pl\/wp-content\/uploads\/2016\/06\/Zaswiaczenie-Marsza\u0142ek-745x1024.jpg 745w, http:\/\/fama-tour.pl\/wp-content\/uploads\/2016\/06\/Zaswiaczenie-Marsza\u0142ek-218x300.jpg 218w, http:\/\/fama-tour.pl\/wp-content\/uploads\/2016\/06\/Zaswiaczenie-Marsza\u0142ek-768x1056.jpg 768w, http:\/\/fama-tour.pl\/wp-content\/uploads\/2016\/06\/Zaswiaczenie-Marsza\u0142ek-436x600.jpg 436w, http:\/\/fama-tour.pl\/wp-content\/uploads\/2016\/06\/Zaswiaczenie-Marsza\u0142ek-116x160.jpg 116w, http:\/\/fama-tour.pl\/wp-content\/uploads\/2016\/06\/Zaswiaczenie-Marsza\u0142ek-1x1.jpg 1w, http:\/\/fama-tour.pl\/wp-content\/uploads\/2016\/06\/Zaswiaczenie-Marsza\u0142ek.jpg 1700w\" alt=\"\" width=\"654\" height=\"899\" \/><\/p>","protected":false},"excerpt":{"rendered":"<p>WARUNKI UCZESTNICTWA Biuro Podr\u00f3\u017cy Fama-TourCertyfikat Towarzystko Ubezpiecze\u0144 Europa S.A.RODO- Informacja o przetwarzaniu danych osobowychRODO- Informacja o przetwarzaniu danych osobowych<\/p>\n","protected":false},"author":1,"featured_media":0,"parent":0,"menu_order":0,"comment_status":"closed","ping_status":"closed","template":"","meta":[],"_links":{"self":[{"href":"http:\/\/fama-tour.pl\/index.php?rest_route=\/wp\/v2\/pages\/51"}],"collection":[{"href":"http:\/\/fama-tour.pl\/index.php?rest_route=\/wp\/v2\/pages"}],"about":[{"href":"http:\/\/fama-tour.pl\/index.php?rest_route=\/wp\/v2\/types\/page"}],"author":[{"embeddable":true,"href":"http:\/\/fama-tour.pl\/index.php?rest_route=\/wp\/v2\/users\/1"}],"replies":[{"embeddable":true,"href":"http:\/\/fama-tour.pl\/index.php?rest_route=%2Fwp%2Fv2%2Fcomments&post=51"}],"version-history":[{"count":27,"href":"http:\/\/fama-tour.pl\/index.php?rest_route=\/wp\/v2\/pages\/51\/revisions"}],"predecessor-version":[{"id":2633,"href":"http:\/\/fama-tour.pl\/index.php?rest_route=\/wp\/v2\/pages\/51\/revisions\/2633"}],"wp:attachment":[{"href":"http:\/\/fama-tour.pl\/index.php?rest_route=%2Fwp%2Fv2%2Fmedia&parent=51"}],"curies":[{"name":"wp","href":"https:\/\/api.w.org\/{rel}","templated":true}]}}